{"id":13,"date":"2025-05-11T16:28:03","date_gmt":"2025-05-11T16:28:03","guid":{"rendered":"https:\/\/kibvcs.com\/cart\/"},"modified":"2025-05-11T16:35:23","modified_gmt":"2025-05-11T16:35:23","slug":"cart","status":"publish","type":"page","link":"https:\/\/kibvcs.com\/es\/cart\/","title":{"rendered":"Cart"},"content":{"rendered":"<div data-block-name=\"woocommerce\/cart\" class=\"wp-block-woocommerce-cart alignwide is-loading\">\n<div data-block-name=\"woocommerce\/filled-cart-block\" class=\"wp-block-woocommerce-filled-cart-block\">\n<div data-block-name=\"woocommerce\/cart-items-block\" class=\"wp-block-woocommerce-cart-items-block\">\n<div data-block-name=\"woocommerce\/cart-line-items-block\" class=\"wp-block-woocommerce-cart-line-items-block\"><\/div>\n\n\n\n<div data-block-name=\"woocommerce\/cart-cross-sells-block\" class=\"wp-block-woocommerce-cart-cross-sells-block\">\n<h2 class=\"wp-block-heading has-large-font-size\">Puede que te interese\u2026<\/h2>\n\n\n\n<div data-block-name=\"woocommerce\/cart-cross-sells-products-block\" class=\"wp-block-woocommerce-cart-cross-sells-products-block\"><\/div>\n<\/div>\n<\/div>\n\n\n\n<div data-block-name=\"woocommerce\/cart-totals-block\" class=\"wp-block-woocommerce-cart-totals-block\">\n<div data-block-name=\"woocommerce\/cart-order-summary-block\" class=\"wp-block-woocommerce-cart-order-summary-block\">\n<div data-block-name=\"woocommerce\/cart-order-summary-heading-block\" class=\"wp-block-woocommerce-cart-order-summary-heading-block\"><\/div><div data-block-name=\"woocommerce\/cart-order-summary-coupon-form-block\" class=\"wp-block-woocommerce-cart-order-summary-coupon-form-block\"><\/div><div data-block-name=\"woocommerce\/cart-order-summary-totals-block\" class=\"wp-block-woocommerce-cart-order-summary-totals-block\">\n<div data-block-name=\"woocommerce\/cart-order-summary-subtotal-block\" class=\"wp-block-woocommerce-cart-order-summary-subtotal-block\"><\/div>\n<div data-block-name=\"woocommerce\/cart-order-summary-discount-block\" class=\"wp-block-woocommerce-cart-order-summary-discount-block\"><\/div>\n<div data-block-name=\"woocommerce\/cart-order-summary-fee-block\" class=\"wp-block-woocommerce-cart-order-summary-fee-block\"><\/div>\n<div data-block-name=\"woocommerce\/cart-order-summary-shipping-block\" class=\"wp-block-woocommerce-cart-order-summary-shipping-block\"><\/div>\n<div data-block-name=\"woocommerce\/cart-order-summary-taxes-block\" class=\"wp-block-woocommerce-cart-order-summary-taxes-block\"><\/div><\/div>\n<\/div>\n\n\n\n<div data-block-name=\"woocommerce-paypal-payments\/cart-paylater-messages\" data-pp-placement=\"cart\" data-pp-style-layout=\"text\" data-pp-style-logo-position=\"left\" data-pp-style-logo-type=\"inline\" data-pp-style-text-color=\"black\" data-pp-style-text-size=\"12\" id=\"ppcp-cart-paylater-messages\" class=\"ppcp-messages\" data-partner-attribution-id=\"Woo_PPCP\"><\/div><div data-block-name=\"woocommerce\/cart-express-payment-block\" class=\"wp-block-woocommerce-cart-express-payment-block\"><\/div>\n\n\n\n<div data-block-name=\"woocommerce\/proceed-to-checkout-block\" class=\"wp-block-woocommerce-proceed-to-checkout-block\"><\/div>\n<div id=\"ppcp-recaptcha-v2-container\" style=\"margin:20px 0;\"><\/div>\n\n\n<div data-block-name=\"woocommerce\/cart-accepted-payment-methods-block\" class=\"wp-block-woocommerce-cart-accepted-payment-methods-block\"><\/div>\n<\/div>\n<\/div>\n\n\n\n<div data-block-name=\"woocommerce\/empty-cart-block\" class=\"wp-block-woocommerce-empty-cart-block\">\n<h2 class=\"wp-block-heading has-text-align-center with-empty-cart-icon wc-block-cart__empty-cart__title\">\u00a1Tu carrito est\u00e1 vac\u00edo!<\/h2>\n\n\n\n<hr class=\"wp-block-separator has-alpha-channel-opacity is-style-dots\"\/>\n\n\n\n<h2 class=\"wp-block-heading has-text-align-center\">Novedad en tienda<\/h2>\n\n\n<div data-block-name=\"woocommerce\/product-new\" data-columns=\"4\" data-rows=\"1\" class=\"wc-block-grid wp-block-product-new wp-block-woocommerce-product-new wc-block-product-new has-4-columns\"><ul class=\"wc-block-grid__products\"><li class=\"wc-block-grid__product\">\n\t\t\t\t<a href=\"https:\/\/kibvcs.com\/es\/producto\/table4-2\/\" class=\"wc-block-grid__product-link\">\n\t\t\t\t\t\n\t\t\t\t\t<div class=\"wc-block-grid__product-image\"><img fetchpriority=\"high\" decoding=\"async\" width=\"430\" height=\"430\" src=\"https:\/\/kibvcs.com\/wp-content\/uploads\/2025\/09\/chanpin7-430x430.jpg\" class=\"attachment-woocommerce_thumbnail size-woocommerce_thumbnail\" alt=\"Table4\" srcset=\"https:\/\/kibvcs.com\/wp-content\/uploads\/2025\/09\/chanpin7-430x430.jpg 430w, https:\/\/kibvcs.com\/wp-content\/uploads\/2025\/09\/chanpin7-150x150.jpg 150w, https:\/\/kibvcs.com\/wp-content\/uploads\/2025\/09\/chanpin7-700x700.jpg 700w, https:\/\/kibvcs.com\/wp-content\/uploads\/2025\/09\/chanpin7-300x300.jpg 300w, https:\/\/kibvcs.com\/wp-content\/uploads\/2025\/09\/chanpin7-768x768.jpg 768w, https:\/\/kibvcs.com\/wp-content\/uploads\/2025\/09\/chanpin7-12x12.jpg 12w, https:\/\/kibvcs.com\/wp-content\/uploads\/2025\/09\/chanpin7.jpg 800w\" sizes=\"(max-width: 430px) 100vw, 430px\" \/><\/div>\n\t\t\t\t\t<div class=\"wc-block-grid__product-title\">Tabla 4<\/div>\n\t\t\t\t<\/a>\n\t\t\t\t<div class=\"wc-block-grid__product-price price\"><span class=\"woocommerce-Price-amount amount\"><span class=\"woocommerce-Price-currencySymbol\">&#036;<\/span>99.00<\/span><\/div>\n\t\t\t\t\n\t\t\t\t<div class=\"wp-block-button wc-block-grid__product-add-to-cart\"><a href=\"\/es\/contact\/\" aria-label=\"Consultar ahora\" data-quantity=\"1\" data-product_id=\"29151\" data-product_sku=\"\" data-price=\"99\" rel=\"nofollow\" class=\"wp-block-button__link  add_to_cart_button\">Consultar ahora<\/a><\/div>\n\t\t\t<\/li><li class=\"wc-block-grid__product\">\n\t\t\t\t<a href=\"https:\/\/kibvcs.com\/es\/producto\/moon-chair3\/\" class=\"wc-block-grid__product-link\">\n\t\t\t\t\t\n\t\t\t\t\t<div class=\"wc-block-grid__product-image\"><img decoding=\"async\" width=\"430\" height=\"430\" src=\"https:\/\/kibvcs.com\/wp-content\/uploads\/2025\/09\/chanpin8-430x430.jpg\" class=\"attachment-woocommerce_thumbnail size-woocommerce_thumbnail\" alt=\"Armchair1\" srcset=\"https:\/\/kibvcs.com\/wp-content\/uploads\/2025\/09\/chanpin8-430x430.jpg 430w, https:\/\/kibvcs.com\/wp-content\/uploads\/2025\/09\/chanpin8-150x150.jpg 150w, https:\/\/kibvcs.com\/wp-content\/uploads\/2025\/09\/chanpin8-700x700.jpg 700w, https:\/\/kibvcs.com\/wp-content\/uploads\/2025\/09\/chanpin8-300x300.jpg 300w, https:\/\/kibvcs.com\/wp-content\/uploads\/2025\/09\/chanpin8-768x768.jpg 768w, https:\/\/kibvcs.com\/wp-content\/uploads\/2025\/09\/chanpin8-12x12.jpg 12w, https:\/\/kibvcs.com\/wp-content\/uploads\/2025\/09\/chanpin8.jpg 800w\" sizes=\"(max-width: 430px) 100vw, 430px\" \/><\/div>\n\t\t\t\t\t<div class=\"wc-block-grid__product-title\">Sill\u00f3n1<\/div>\n\t\t\t\t<\/a>\n\t\t\t\t<div class=\"wc-block-grid__product-price price\"><span class=\"woocommerce-Price-amount amount\"><span class=\"woocommerce-Price-currencySymbol\">&#036;<\/span>99.00<\/span><\/div>\n\t\t\t\t\n\t\t\t\t<div class=\"wp-block-button wc-block-grid__product-add-to-cart\"><a href=\"\/es\/contact\/\" aria-label=\"Consultar ahora\" data-quantity=\"1\" data-product_id=\"29148\" data-product_sku=\"\" data-price=\"99\" rel=\"nofollow\" class=\"wp-block-button__link  add_to_cart_button\">Consultar ahora<\/a><\/div>\n\t\t\t<\/li><li class=\"wc-block-grid__product\">\n\t\t\t\t<a href=\"https:\/\/kibvcs.com\/es\/producto\/moon-chair2\/\" class=\"wc-block-grid__product-link\">\n\t\t\t\t\t\n\t\t\t\t\t<div class=\"wc-block-grid__product-image\"><img decoding=\"async\" width=\"430\" height=\"430\" src=\"https:\/\/kibvcs.com\/wp-content\/uploads\/2025\/09\/chanpin6-430x430.jpg\" class=\"attachment-woocommerce_thumbnail size-woocommerce_thumbnail\" alt=\"Moon Chair2\" srcset=\"https:\/\/kibvcs.com\/wp-content\/uploads\/2025\/09\/chanpin6-430x430.jpg 430w, https:\/\/kibvcs.com\/wp-content\/uploads\/2025\/09\/chanpin6-150x150.jpg 150w, https:\/\/kibvcs.com\/wp-content\/uploads\/2025\/09\/chanpin6-700x700.jpg 700w, https:\/\/kibvcs.com\/wp-content\/uploads\/2025\/09\/chanpin6-300x300.jpg 300w, https:\/\/kibvcs.com\/wp-content\/uploads\/2025\/09\/chanpin6-768x768.jpg 768w, https:\/\/kibvcs.com\/wp-content\/uploads\/2025\/09\/chanpin6-12x12.jpg 12w, https:\/\/kibvcs.com\/wp-content\/uploads\/2025\/09\/chanpin6.jpg 800w\" sizes=\"(max-width: 430px) 100vw, 430px\" \/><\/div>\n\t\t\t\t\t<div class=\"wc-block-grid__product-title\">Silla Luna 2<\/div>\n\t\t\t\t<\/a>\n\t\t\t\t<div class=\"wc-block-grid__product-price price\"><span class=\"woocommerce-Price-amount amount\"><span class=\"woocommerce-Price-currencySymbol\">&#036;<\/span>99.00<\/span><\/div>\n\t\t\t\t\n\t\t\t\t<div class=\"wp-block-button wc-block-grid__product-add-to-cart\"><a href=\"\/es\/contact\/\" aria-label=\"Consultar ahora\" data-quantity=\"1\" data-product_id=\"29146\" data-product_sku=\"\" data-price=\"99\" rel=\"nofollow\" class=\"wp-block-button__link  add_to_cart_button\">Consultar ahora<\/a><\/div>\n\t\t\t<\/li><li class=\"wc-block-grid__product\">\n\t\t\t\t<a href=\"https:\/\/kibvcs.com\/es\/producto\/moon-chair1\/\" class=\"wc-block-grid__product-link\">\n\t\t\t\t\t\n\t\t\t\t\t<div class=\"wc-block-grid__product-image\"><img loading=\"lazy\" decoding=\"async\" width=\"430\" height=\"430\" src=\"https:\/\/kibvcs.com\/wp-content\/uploads\/2025\/09\/chanpin5-430x430.jpg\" class=\"attachment-woocommerce_thumbnail size-woocommerce_thumbnail\" alt=\"Moon Chair1\" srcset=\"https:\/\/kibvcs.com\/wp-content\/uploads\/2025\/09\/chanpin5-430x430.jpg 430w, https:\/\/kibvcs.com\/wp-content\/uploads\/2025\/09\/chanpin5-150x150.jpg 150w, https:\/\/kibvcs.com\/wp-content\/uploads\/2025\/09\/chanpin5-700x700.jpg 700w, https:\/\/kibvcs.com\/wp-content\/uploads\/2025\/09\/chanpin5-300x300.jpg 300w, https:\/\/kibvcs.com\/wp-content\/uploads\/2025\/09\/chanpin5-768x768.jpg 768w, https:\/\/kibvcs.com\/wp-content\/uploads\/2025\/09\/chanpin5-12x12.jpg 12w, https:\/\/kibvcs.com\/wp-content\/uploads\/2025\/09\/chanpin5.jpg 800w\" sizes=\"(max-width: 430px) 100vw, 430px\" \/><\/div>\n\t\t\t\t\t<div class=\"wc-block-grid__product-title\">Silla Luna 1<\/div>\n\t\t\t\t<\/a>\n\t\t\t\t<div class=\"wc-block-grid__product-price price\"><span class=\"woocommerce-Price-amount amount\"><span class=\"woocommerce-Price-currencySymbol\">&#036;<\/span>99.00<\/span><\/div>\n\t\t\t\t\n\t\t\t\t<div class=\"wp-block-button wc-block-grid__product-add-to-cart\"><a href=\"\/es\/contact\/\" aria-label=\"Consultar ahora\" data-quantity=\"1\" data-product_id=\"29144\" data-product_sku=\"\" data-price=\"99\" rel=\"nofollow\" class=\"wp-block-button__link  add_to_cart_button\">Consultar ahora<\/a><\/div>\n\t\t\t<\/li><\/ul><\/div><\/div>\n<\/div>","protected":false},"excerpt":{"rendered":"","protected":false},"author":1,"featured_media":0,"parent":0,"menu_order":0,"comment_status":"closed","ping_status":"closed","template":"","meta":{"footnotes":""},"class_list":["post-13","page","type-page","status-publish","hentry"],"yoast_head":"<!-- This site is optimized with the Yoast SEO plugin v25.6 - https:\/\/yoast.com\/wordpress\/plugins\/seo\/ -->\n<title>Cart - Luye Outdoor Co., Ltd.<\/title>\n<meta name=\"robots\" content=\"index, follow, max-snippet:-1, max-image-preview:large, max-video-preview:-1\" \/>\n<link rel=\"canonical\" href=\"https:\/\/kibvcs.com\/es\/cart\/\" \/>\n<meta property=\"og:locale\" content=\"es_ES\" \/>\n<meta property=\"og:type\" content=\"article\" \/>\n<meta property=\"og:title\" content=\"Cart - Luye Outdoor Co., Ltd.\" \/>\n<meta property=\"og:url\" content=\"https:\/\/kibvcs.com\/es\/cart\/\" \/>\n<meta property=\"og:site_name\" content=\"Luye Outdoor Co., Ltd.\" \/>\n<meta property=\"article:modified_time\" content=\"2025-05-11T16:35:23+00:00\" \/>\n<meta name=\"twitter:card\" content=\"summary_large_image\" \/>\n<script type=\"application\/ld+json\" class=\"yoast-schema-graph\">{\"@context\":\"https:\/\/schema.org\",\"@graph\":[{\"@type\":\"WebPage\",\"@id\":\"https:\/\/kibvcs.com\/cart\/\",\"url\":\"https:\/\/kibvcs.com\/cart\/\",\"name\":\"Cart - Luye Outdoor Co., Ltd.\",\"isPartOf\":{\"@id\":\"https:\/\/kibvcs.com\/#website\"},\"datePublished\":\"2025-05-11T16:28:03+00:00\",\"dateModified\":\"2025-05-11T16:35:23+00:00\",\"breadcrumb\":{\"@id\":\"https:\/\/kibvcs.com\/cart\/#breadcrumb\"},\"inLanguage\":\"es\",\"potentialAction\":[{\"@type\":\"ReadAction\",\"target\":[\"https:\/\/kibvcs.com\/cart\/\"]}]},{\"@type\":\"BreadcrumbList\",\"@id\":\"https:\/\/kibvcs.com\/cart\/#breadcrumb\",\"itemListElement\":[{\"@type\":\"ListItem\",\"position\":1,\"name\":\"Home\",\"item\":\"https:\/\/kibvcs.com\/\"},{\"@type\":\"ListItem\",\"position\":2,\"name\":\"Cart\"}]},{\"@type\":\"WebSite\",\"@id\":\"https:\/\/kibvcs.com\/#website\",\"url\":\"https:\/\/kibvcs.com\/\",\"name\":\"Luye Outdoor Co., Ltd.\",\"description\":\"Luye Outdoor Co., Ltd.\",\"potentialAction\":[{\"@type\":\"SearchAction\",\"target\":{\"@type\":\"EntryPoint\",\"urlTemplate\":\"https:\/\/kibvcs.com\/?s={search_term_string}\"},\"query-input\":{\"@type\":\"PropertyValueSpecification\",\"valueRequired\":true,\"valueName\":\"search_term_string\"}}],\"inLanguage\":\"es\"}]}<\/script>\n<!-- \/ Yoast SEO plugin. -->","yoast_head_json":{"title":"Cart - Luye Outdoor Co., Ltd.","robots":{"index":"index","follow":"follow","max-snippet":"max-snippet:-1","max-image-preview":"max-image-preview:large","max-video-preview":"max-video-preview:-1"},"canonical":"https:\/\/kibvcs.com\/es\/cart\/","og_locale":"es_ES","og_type":"article","og_title":"Cart - Luye Outdoor Co., Ltd.","og_url":"https:\/\/kibvcs.com\/es\/cart\/","og_site_name":"Luye Outdoor Co., Ltd.","article_modified_time":"2025-05-11T16:35:23+00:00","twitter_card":"summary_large_image","schema":{"@context":"https:\/\/schema.org","@graph":[{"@type":"WebPage","@id":"https:\/\/kibvcs.com\/cart\/","url":"https:\/\/kibvcs.com\/cart\/","name":"Cart - Luye Outdoor Co., Ltd.","isPartOf":{"@id":"https:\/\/kibvcs.com\/#website"},"datePublished":"2025-05-11T16:28:03+00:00","dateModified":"2025-05-11T16:35:23+00:00","breadcrumb":{"@id":"https:\/\/kibvcs.com\/cart\/#breadcrumb"},"inLanguage":"es","potentialAction":[{"@type":"ReadAction","target":["https:\/\/kibvcs.com\/cart\/"]}]},{"@type":"BreadcrumbList","@id":"https:\/\/kibvcs.com\/cart\/#breadcrumb","itemListElement":[{"@type":"ListItem","position":1,"name":"Home","item":"https:\/\/kibvcs.com\/"},{"@type":"ListItem","position":2,"name":"Cart"}]},{"@type":"WebSite","@id":"https:\/\/kibvcs.com\/#website","url":"https:\/\/kibvcs.com\/","name":"Compa\u00f1\u00eda de actividades al aire libre Luye, Ltd.","description":"Compa\u00f1\u00eda de actividades al aire libre Luye, Ltd.","potentialAction":[{"@type":"SearchAction","target":{"@type":"EntryPoint","urlTemplate":"https:\/\/kibvcs.com\/?s={search_term_string}"},"query-input":{"@type":"PropertyValueSpecification","valueRequired":true,"valueName":"search_term_string"}}],"inLanguage":"es"}]}},"_links":{"self":[{"href":"https:\/\/kibvcs.com\/es\/wp-json\/wp\/v2\/pages\/13","targetHints":{"allow":["GET"]}}],"collection":[{"href":"https:\/\/kibvcs.com\/es\/wp-json\/wp\/v2\/pages"}],"about":[{"href":"https:\/\/kibvcs.com\/es\/wp-json\/wp\/v2\/types\/page"}],"author":[{"embeddable":true,"href":"https:\/\/kibvcs.com\/es\/wp-json\/wp\/v2\/users\/1"}],"replies":[{"embeddable":true,"href":"https:\/\/kibvcs.com\/es\/wp-json\/wp\/v2\/comments?post=13"}],"version-history":[{"count":1,"href":"https:\/\/kibvcs.com\/es\/wp-json\/wp\/v2\/pages\/13\/revisions"}],"predecessor-version":[{"id":17,"href":"https:\/\/kibvcs.com\/es\/wp-json\/wp\/v2\/pages\/13\/revisions\/17"}],"wp:attachment":[{"href":"https:\/\/kibvcs.com\/es\/wp-json\/wp\/v2\/media?parent=13"}],"curies":[{"name":"wp","href":"https:\/\/api.w.org\/{rel}","templated":true}]}}