{"id":4400,"date":"2021-10-12T15:51:09","date_gmt":"2021-10-12T15:51:09","guid":{"rendered":"http:\/\/dummy.xtemos.com\/woodmart2\/elementor\/?page_id=4400"},"modified":"2025-09-18T08:35:11","modified_gmt":"2025-09-18T08:35:11","slug":"about","status":"publish","type":"page","link":"https:\/\/kibvcs.com\/fr\/about\/","title":{"rendered":"\u00c0 propos de nous"},"content":{"rendered":"<div data-elementor-type=\"wp-page\" data-elementor-id=\"4400\" class=\"elementor elementor-4400\">\n\t\t\t\t<div class=\"elementor-element elementor-element-f3d180f e-con-full wd-section-stretch-content e-flex e-con e-parent\" data-id=\"f3d180f\" data-element_type=\"container\" data-settings=\"{&quot;background_background&quot;:&quot;classic&quot;}\">\n\t\t\t\t<div class=\"elementor-element elementor-element-67273f5 elementor-widget elementor-widget-heading\" data-id=\"67273f5\" data-element_type=\"widget\" data-widget_type=\"heading.default\">\n\t\t\t\t\t<h2 class=\"elementor-heading-title elementor-size-default\">\u00c0 propos<\/h2>\t\t\t\t<\/div>\n\t\t\t\t<\/div>\n\t\t<div class=\"wd-negative-gap elementor-element elementor-element-7c7c544 e-flex e-con-boxed e-con e-parent\" data-id=\"7c7c544\" data-element_type=\"container\">\n\t\t\t\t\t<div class=\"e-con-inner\">\n\t\t<div class=\"elementor-element elementor-element-e7cb5cd e-con-full e-flex e-con e-child\" data-id=\"e7cb5cd\" data-element_type=\"container\">\n\t\t\t\t<div class=\"elementor-element elementor-element-56aec39 elementor-widget elementor-widget-wd_image_or_svg\" data-id=\"56aec39\" data-element_type=\"widget\" data-widget_type=\"wd_image_or_svg.default\">\n\t\t\t\t<div class=\"elementor-widget-container\">\n\t\t\t\t\t\n\t\t<div class=\"wd-image text-left\">\n\t\t\t\t\t\t\t\t<img fetchpriority=\"high\" decoding=\"async\" width=\"800\" height=\"600\" src=\"https:\/\/kibvcs.com\/wp-content\/uploads\/2025\/09\/gongchang3-800x600.jpg\" class=\"attachment-800x600 size-800x600\" alt=\"\" \/>\t\t\t\t\t<\/div>\n\n\t\t\t\t\t\t<\/div>\n\t\t\t\t<\/div>\n\t\t\t\t<\/div>\n\t\t<div class=\"elementor-element elementor-element-97d6084 e-con-full e-flex e-con e-child\" data-id=\"97d6084\" data-element_type=\"container\">\n\t\t\t\t<div class=\"elementor-element elementor-element-ad4e646 elementor-widget elementor-widget-heading\" data-id=\"ad4e646\" data-element_type=\"widget\" data-widget_type=\"heading.default\">\n\t\t\t\t\t<h2 class=\"elementor-heading-title elementor-size-default\">Luye Outdoor Co., Ltd.<\/h2>\t\t\t\t<\/div>\n\t\t\t\t<div class=\"elementor-element elementor-element-66e47ad elementor-widget elementor-widget-wd_text_block\" data-id=\"66e47ad\" data-element_type=\"widget\" data-widget_type=\"wd_text_block.default\">\n\t\t\t\t<div class=\"elementor-widget-container\">\n\t\t\t\t\t\t\t<div class=\"wd-text-block reset-last-child text-left\">\n\t\t\t\n\t\t\t<p>Luye Outdoor Camping Gear Factory est un fabricant professionnel sp\u00e9cialis\u00e9 dans la recherche, le d\u00e9veloppement, la production et la vente d&#039;\u00e9quipements de camping, notamment des Moon Chairs haut de gamme et une gamme compl\u00e8te d&#039;\u00e9quipements de camping. Depuis sa cr\u00e9ation, nous nous engageons \u00e0 fournir aux amateurs de plein air des produits confortables, durables et portables qui optimisent chaque exp\u00e9rience de camping.<\/p>\n\t\t\t\t\t<\/div>\n\t\t\t\t\t\t<\/div>\n\t\t\t\t<\/div>\n\t\t<div class=\"elementor-element elementor-element-3eef7d8 e-con-full e-flex e-con e-child\" data-id=\"3eef7d8\" data-element_type=\"container\">\n\t\t\t\t<div class=\"elementor-element elementor-element-ee232e9 elementor-widget__width-auto elementor-hidden-phone elementor-widget elementor-widget-wd_social_buttons\" data-id=\"ee232e9\" data-element_type=\"widget\" data-widget_type=\"wd_social_buttons.default\">\n\t\t\t\t<div class=\"elementor-widget-container\">\n\t\t\t\t\t\t\t\t<div\n\t\t\t\t\t\tclass=\"wd-social-icons wd-style-colored-alt wd-size-small social-share wd-shape-circle color-scheme-dark text-left\">\n\t\t\t\t\n\t\t\t\t\n\t\t\t\t\t\t\t\t\t<a rel=\"noopener noreferrer nofollow\" href=\"https:\/\/www.facebook.com\/sharer\/sharer.php?u=https:\/\/kibvcs.com\/fr\/about\/\" target=\"_blank\" class=\"wd-social-icon social-facebook\" aria-label=\"Lien social Facebook\">\n\t\t\t\t\t\t<span class=\"wd-icon\"><\/span>\n\t\t\t\t\t\t\t\t\t\t\t<\/a>\n\t\t\t\t\n\t\t\t\t\t\t\t\t\t<a rel=\"noopener noreferrer nofollow\" href=\"https:\/\/x.com\/share?url=https:\/\/kibvcs.com\/fr\/about\/\" target=\"_blank\" class=\"wd-social-icon social-twitter\" aria-label=\"Lien social X\">\n\t\t\t\t\t\t<span class=\"wd-icon\"><\/span>\n\t\t\t\t\t\t\t\t\t\t\t<\/a>\n\t\t\t\t\n\t\t\t\t\n\t\t\t\t\n\t\t\t\t\n\t\t\t\t\n\t\t\t\t\n\t\t\t\t\t\t\t\t\t<a rel=\"noopener noreferrer nofollow\" href=\"https:\/\/pinterest.com\/pin\/create\/button\/?url=https:\/\/kibvcs.com\/fr\/about\/&media=https:\/\/kibvcs.com\/wp-includes\/images\/media\/default.svg&description=About+us\" target=\"_blank\" class=\"wd-social-icon social-pinterest\" aria-label=\"Lien social Pinterest\">\n\t\t\t\t\t\t<span class=\"wd-icon\"><\/span>\n\t\t\t\t\t\t\t\t\t\t\t<\/a>\n\t\t\t\t\n\t\t\t\t\n\t\t\t\t\t\t\t\t\t<a rel=\"noopener noreferrer nofollow\" href=\"https:\/\/www.linkedin.com\/shareArticle?mini=true&url=https:\/\/kibvcs.com\/fr\/about\/\" target=\"_blank\" class=\"wd-social-icon social-linkedin\" aria-label=\"Lien social LinkedIn\">\n\t\t\t\t\t\t<span class=\"wd-icon\"><\/span>\n\t\t\t\t\t\t\t\t\t\t\t<\/a>\n\t\t\t\t\n\t\t\t\t\n\t\t\t\t\n\t\t\t\t\n\t\t\t\t\n\t\t\t\t\n\t\t\t\t\n\t\t\t\t\n\t\t\t\t\n\t\t\t\t\n\t\t\t\t\n\t\t\t\t\n\t\t\t\t\n\t\t\t\t\n\t\t\t\t\n\t\t\t\t\t\t\t\t\t<a rel=\"noopener noreferrer nofollow\" href=\"https:\/\/telegram.me\/share\/url?url=https:\/\/kibvcs.com\/fr\/about\/\" target=\"_blank\" class=\"wd-social-icon social-tg\" aria-label=\"Lien social Telegram\">\n\t\t\t\t\t\t<span class=\"wd-icon\"><\/span>\n\t\t\t\t\t\t\t\t\t\t\t<\/a>\n\t\t\t\t\n\t\t\t\t\n\t\t\t<\/div>\n\n\t\t\t\t\t\t<\/div>\n\t\t\t\t<\/div>\n\t\t\t\t<\/div>\n\t\t\t\t<\/div>\n\t\t\t\t\t<\/div>\n\t\t\t\t<\/div>\n\t\t<div class=\"wd-negative-gap elementor-element elementor-element-8481c26 e-flex e-con-boxed e-con e-parent\" data-id=\"8481c26\" data-element_type=\"container\">\n\t\t\t\t\t<div class=\"e-con-inner\">\n\t\t\t\t<div class=\"elementor-element elementor-element-d66a211 wd-width-100 elementor-widget elementor-widget-wd_title\" data-id=\"d66a211\" data-element_type=\"widget\" data-widget_type=\"wd_title.default\">\n\t\t\t\t<div class=\"elementor-widget-container\">\n\t\t\t\t\t\t\t<div class=\"title-wrapper wd-set-mb reset-last-child wd-title-color-primary wd-title-style-default wd-title-size-large text-center\">\n\n\t\t\t\t\t\t\t\t\t\t\t<div class=\"title-subtitle subtitle-color-primary subtitle-style-default wd-fontsize-xs\">\n\t\t\t\t\tQUELQUES MOTS SUR NOUS\t\t\t\t<\/div>\n\t\t\t\n\t\t\t<div class=\"liner-continer\">\n\t\t\t\t<h4 class=\"woodmart-title-container title wd-fontsize-xxl\">Nos avantages<\/h4> \n\t\t\t\t\t\t\t<\/div>\n\n\t\t\t\t\t\t\t<div class=\"title-after_title reset-last-child wd-fontsize-s\">\n\t\t\t\t\t<p>Notre usine est dot\u00e9e d&#039;installations de production de pointe et d&#039;un syst\u00e8me de contr\u00f4le qualit\u00e9 rigoureux. Sur une vaste surface de production, notre \u00e9quipe d&#039;ing\u00e9nieurs exp\u00e9riment\u00e9s et d&#039;ouvriers qualifi\u00e9s garantit la pr\u00e9cision de chaque processus de fabrication, depuis la s\u00e9lection de mat\u00e9riaux de haute qualit\u00e9, comme le tissu Oxford r\u00e9sistant \u00e0 l&#039;usure et les cadres en alliage r\u00e9sistant \u00e0 la corrosion, jusqu&#039;\u00e0 l&#039;assemblage final et le contr\u00f4le de chaque produit. Pour nos chaises longues phares, nous privil\u00e9gions un design ergonomique, avec des r\u00e9glages multi-vitesses, un dossier haut et des structures pliables qui r\u00e9pondent aux diff\u00e9rents besoins des utilisateurs, que ce soit pour se d\u00e9tendre au camping ou pour un pique-nique en pleine nature.<br \/><br \/>Au-del\u00e0 des chaises longues, notre gamme de produits comprend des tables de camping pliantes, des abris portables et d&#039;autres accessoires de camping essentiels, offrant une solution compl\u00e8te pour les loisirs en plein air. Nous proposons \u00e9galement des services ODM et OEM, permettant une personnalisation des couleurs, des mat\u00e9riaux et des fonctionnalit\u00e9s afin de r\u00e9pondre aux exigences sp\u00e9cifiques des marques et distributeurs internationaux.<\/p><p>Conform\u00e9ment aux normes de qualit\u00e9 internationales, nous effectuons des tests rigoureux sur tous nos produits afin de garantir leur r\u00e9sistance aux conditions ext\u00e9rieures difficiles. Notre engagement envers l&#039;innovation nous pousse \u00e0 constamment am\u00e9liorer la conception de nos produits, en int\u00e9grant les derni\u00e8res tendances et technologies, pour conserver une longueur d&#039;avance sur le march\u00e9. Exportant ses produits dans de nombreux pays et r\u00e9gions, Luye s&#039;est forg\u00e9 une r\u00e9putation de fiabilit\u00e9 et d&#039;excellence dans le secteur du mat\u00e9riel de camping.<\/p><p>Luye Outdoor Camping Gear Factory poursuivra sa mission\u00a0: \u00ab\u00a0Am\u00e9liorer le confort et l&#039;aventure en plein air\u00a0\u00bb. Nous continuerons d&#039;investir dans la R&amp;D et la production, afin d&#039;\u00eatre un partenaire de premier plan pour tous ceux qui recherchent du mat\u00e9riel de camping haut de gamme et d&#039;aider toujours plus de personnes \u00e0 cr\u00e9er des souvenirs inoubliables en pleine nature.<\/p>\t\t\t\t<\/div>\n\t\t\t\t\t<\/div>\n\t\t\t\t\t\t<\/div>\n\t\t\t\t<\/div>\n\t\t\t\t\t<\/div>\n\t\t\t\t<\/div>\n\t\t<div class=\"wd-negative-gap elementor-element elementor-element-f168c0a e-flex e-con-boxed e-con e-parent\" data-id=\"f168c0a\" data-element_type=\"container\">\n\t\t\t\t\t<div class=\"e-con-inner\">\n\t\t<div class=\"elementor-element elementor-element-5642404 e-con-full e-flex e-con e-child\" data-id=\"5642404\" data-element_type=\"container\">\n\t\t\t\t<div class=\"elementor-element elementor-element-31f1581 elementor-widget elementor-widget-image\" data-id=\"31f1581\" data-element_type=\"widget\" data-widget_type=\"image.default\">\n\t\t\t\t\t\t\t\t\t\t\t\t\t\t\t<img decoding=\"async\" src=\"https:\/\/kibvcs.com\/wp-content\/uploads\/elementor\/thumbs\/gongchang2-rbxbc6u0sgmst6clwo5igwwy6q0ugc2mtqwjqykwi0.jpg\" title=\"gongchang2\" alt=\"gongchang2\" loading=\"lazy\" \/>\t\t\t\t\t\t\t\t\t\t\t\t\t\t\t<\/div>\n\t\t\t\t<\/div>\n\t\t<div class=\"elementor-element elementor-element-6acf78a e-con-full e-flex e-con e-child\" data-id=\"6acf78a\" data-element_type=\"container\">\n\t\t\t\t<div class=\"elementor-element elementor-element-f12a152 elementor-widget elementor-widget-image\" data-id=\"f12a152\" data-element_type=\"widget\" data-widget_type=\"image.default\">\n\t\t\t\t\t\t\t\t\t\t\t\t\t\t\t<img decoding=\"async\" src=\"https:\/\/kibvcs.com\/wp-content\/uploads\/elementor\/thumbs\/gongchang1-rbxbc4ycesk85yfc7nc9bxe0zya40xv65hlksenoug.jpg\" title=\"gongchang1\" alt=\"gongchang1\" loading=\"lazy\" \/>\t\t\t\t\t\t\t\t\t\t\t\t\t\t\t<\/div>\n\t\t\t\t<\/div>\n\t\t\t\t\t<\/div>\n\t\t\t\t<\/div>\n\t\t\t\t<\/div>","protected":false},"excerpt":{"rendered":"<p>About Luye Outdoor Co., Ltd. Luye Outdoor Camping Gear Factory is a professional manufacturer specializing in the research, development, production,<\/p>","protected":false},"author":1,"featured_media":0,"parent":0,"menu_order":0,"comment_status":"closed","ping_status":"closed","template":"","meta":{"footnotes":""},"class_list":["post-4400","page","type-page","status-publish","hentry"],"yoast_head":"<!-- This site is optimized with the Yoast SEO plugin v25.6 - https:\/\/yoast.com\/wordpress\/plugins\/seo\/ -->\n<title>About us - Luye Outdoor Co., Ltd.<\/title>\n<meta name=\"robots\" content=\"index, follow, max-snippet:-1, max-image-preview:large, max-video-preview:-1\" \/>\n<link rel=\"canonical\" href=\"https:\/\/kibvcs.com\/fr\/about\/\" \/>\n<meta property=\"og:locale\" content=\"fr_FR\" \/>\n<meta property=\"og:type\" content=\"article\" \/>\n<meta property=\"og:title\" content=\"About us - Luye Outdoor Co., Ltd.\" \/>\n<meta property=\"og:description\" content=\"About Luye Outdoor Co., Ltd. Luye Outdoor Camping Gear Factory is a professional manufacturer specializing in the research, development, production,\" \/>\n<meta property=\"og:url\" content=\"https:\/\/kibvcs.com\/fr\/about\/\" \/>\n<meta property=\"og:site_name\" content=\"Luye Outdoor Co., Ltd.\" \/>\n<meta property=\"article:modified_time\" content=\"2025-09-18T08:35:11+00:00\" \/>\n<meta property=\"og:image\" content=\"https:\/\/kibvcs.com\/wp-content\/uploads\/2025\/09\/gongchang3-800x600.jpg\" \/>\n<meta name=\"twitter:card\" content=\"summary_large_image\" \/>\n<meta name=\"twitter:label1\" content=\"Dur\u00e9e de lecture estim\u00e9e\" \/>\n\t<meta name=\"twitter:data1\" content=\"2 minutes\" \/>\n<script type=\"application\/ld+json\" class=\"yoast-schema-graph\">{\"@context\":\"https:\/\/schema.org\",\"@graph\":[{\"@type\":\"WebPage\",\"@id\":\"https:\/\/kibvcs.com\/about\/\",\"url\":\"https:\/\/kibvcs.com\/about\/\",\"name\":\"About us - Luye Outdoor Co., Ltd.\",\"isPartOf\":{\"@id\":\"https:\/\/kibvcs.com\/#website\"},\"primaryImageOfPage\":{\"@id\":\"https:\/\/kibvcs.com\/about\/#primaryimage\"},\"image\":{\"@id\":\"https:\/\/kibvcs.com\/about\/#primaryimage\"},\"thumbnailUrl\":\"https:\/\/kibvcs.com\/wp-content\/uploads\/2025\/09\/gongchang3-800x600.jpg\",\"datePublished\":\"2021-10-12T15:51:09+00:00\",\"dateModified\":\"2025-09-18T08:35:11+00:00\",\"breadcrumb\":{\"@id\":\"https:\/\/kibvcs.com\/about\/#breadcrumb\"},\"inLanguage\":\"fr-FR\",\"potentialAction\":[{\"@type\":\"ReadAction\",\"target\":[\"https:\/\/kibvcs.com\/about\/\"]}]},{\"@type\":\"ImageObject\",\"inLanguage\":\"fr-FR\",\"@id\":\"https:\/\/kibvcs.com\/about\/#primaryimage\",\"url\":\"https:\/\/kibvcs.com\/wp-content\/uploads\/2025\/09\/gongchang3-800x600.jpg\",\"contentUrl\":\"https:\/\/kibvcs.com\/wp-content\/uploads\/2025\/09\/gongchang3-800x600.jpg\"},{\"@type\":\"BreadcrumbList\",\"@id\":\"https:\/\/kibvcs.com\/about\/#breadcrumb\",\"itemListElement\":[{\"@type\":\"ListItem\",\"position\":1,\"name\":\"Home\",\"item\":\"https:\/\/kibvcs.com\/\"},{\"@type\":\"ListItem\",\"position\":2,\"name\":\"About us\"}]},{\"@type\":\"WebSite\",\"@id\":\"https:\/\/kibvcs.com\/#website\",\"url\":\"https:\/\/kibvcs.com\/\",\"name\":\"Luye Outdoor Co., Ltd.\",\"description\":\"Luye Outdoor Co., Ltd.\",\"potentialAction\":[{\"@type\":\"SearchAction\",\"target\":{\"@type\":\"EntryPoint\",\"urlTemplate\":\"https:\/\/kibvcs.com\/?s={search_term_string}\"},\"query-input\":{\"@type\":\"PropertyValueSpecification\",\"valueRequired\":true,\"valueName\":\"search_term_string\"}}],\"inLanguage\":\"fr-FR\"}]}<\/script>\n<!-- \/ Yoast SEO plugin. -->","yoast_head_json":{"title":"About us - Luye Outdoor Co., Ltd.","robots":{"index":"index","follow":"follow","max-snippet":"max-snippet:-1","max-image-preview":"max-image-preview:large","max-video-preview":"max-video-preview:-1"},"canonical":"https:\/\/kibvcs.com\/fr\/about\/","og_locale":"fr_FR","og_type":"article","og_title":"About us - Luye Outdoor Co., Ltd.","og_description":"About Luye Outdoor Co., Ltd. Luye Outdoor Camping Gear Factory is a professional manufacturer specializing in the research, development, production,","og_url":"https:\/\/kibvcs.com\/fr\/about\/","og_site_name":"Luye Outdoor Co., Ltd.","article_modified_time":"2025-09-18T08:35:11+00:00","og_image":[{"url":"https:\/\/kibvcs.com\/wp-content\/uploads\/2025\/09\/gongchang3-800x600.jpg","type":"","width":"","height":""}],"twitter_card":"summary_large_image","twitter_misc":{"Dur\u00e9e de lecture estim\u00e9e":"2 minutes"},"schema":{"@context":"https:\/\/schema.org","@graph":[{"@type":"WebPage","@id":"https:\/\/kibvcs.com\/about\/","url":"https:\/\/kibvcs.com\/about\/","name":"About us - Luye Outdoor Co., Ltd.","isPartOf":{"@id":"https:\/\/kibvcs.com\/#website"},"primaryImageOfPage":{"@id":"https:\/\/kibvcs.com\/about\/#primaryimage"},"image":{"@id":"https:\/\/kibvcs.com\/about\/#primaryimage"},"thumbnailUrl":"https:\/\/kibvcs.com\/wp-content\/uploads\/2025\/09\/gongchang3-800x600.jpg","datePublished":"2021-10-12T15:51:09+00:00","dateModified":"2025-09-18T08:35:11+00:00","breadcrumb":{"@id":"https:\/\/kibvcs.com\/about\/#breadcrumb"},"inLanguage":"fr-FR","potentialAction":[{"@type":"ReadAction","target":["https:\/\/kibvcs.com\/about\/"]}]},{"@type":"ImageObject","inLanguage":"fr-FR","@id":"https:\/\/kibvcs.com\/about\/#primaryimage","url":"https:\/\/kibvcs.com\/wp-content\/uploads\/2025\/09\/gongchang3-800x600.jpg","contentUrl":"https:\/\/kibvcs.com\/wp-content\/uploads\/2025\/09\/gongchang3-800x600.jpg"},{"@type":"BreadcrumbList","@id":"https:\/\/kibvcs.com\/about\/#breadcrumb","itemListElement":[{"@type":"ListItem","position":1,"name":"Home","item":"https:\/\/kibvcs.com\/"},{"@type":"ListItem","position":2,"name":"About us"}]},{"@type":"WebSite","@id":"https:\/\/kibvcs.com\/#website","url":"https:\/\/kibvcs.com\/","name":"Luye Outdoor Co., Ltd.","description":"Luye Outdoor Co., Ltd.","potentialAction":[{"@type":"SearchAction","target":{"@type":"EntryPoint","urlTemplate":"https:\/\/kibvcs.com\/?s={search_term_string}"},"query-input":{"@type":"PropertyValueSpecification","valueRequired":true,"valueName":"search_term_string"}}],"inLanguage":"fr-FR"}]}},"_links":{"self":[{"href":"https:\/\/kibvcs.com\/fr\/wp-json\/wp\/v2\/pages\/4400","targetHints":{"allow":["GET"]}}],"collection":[{"href":"https:\/\/kibvcs.com\/fr\/wp-json\/wp\/v2\/pages"}],"about":[{"href":"https:\/\/kibvcs.com\/fr\/wp-json\/wp\/v2\/types\/page"}],"author":[{"embeddable":true,"href":"https:\/\/kibvcs.com\/fr\/wp-json\/wp\/v2\/users\/1"}],"replies":[{"embeddable":true,"href":"https:\/\/kibvcs.com\/fr\/wp-json\/wp\/v2\/comments?post=4400"}],"version-history":[{"count":12,"href":"https:\/\/kibvcs.com\/fr\/wp-json\/wp\/v2\/pages\/4400\/revisions"}],"predecessor-version":[{"id":29190,"href":"https:\/\/kibvcs.com\/fr\/wp-json\/wp\/v2\/pages\/4400\/revisions\/29190"}],"wp:attachment":[{"href":"https:\/\/kibvcs.com\/fr\/wp-json\/wp\/v2\/media?parent=4400"}],"curies":[{"name":"wp","href":"https:\/\/api.w.org\/{rel}","templated":true}]}}