{"id":4400,"date":"2021-10-12T15:51:09","date_gmt":"2021-10-12T15:51:09","guid":{"rendered":"http:\/\/dummy.xtemos.com\/woodmart2\/elementor\/?page_id=4400"},"modified":"2025-09-18T08:35:11","modified_gmt":"2025-09-18T08:35:11","slug":"about","status":"publish","type":"page","link":"https:\/\/kibvcs.com\/pt\/about\/","title":{"rendered":"Sobre n\u00f3s"},"content":{"rendered":"<div data-elementor-type=\"wp-page\" data-elementor-id=\"4400\" class=\"elementor elementor-4400\">\n\t\t\t\t<div class=\"elementor-element elementor-element-f3d180f e-con-full wd-section-stretch-content e-flex e-con e-parent\" data-id=\"f3d180f\" data-element_type=\"container\" data-settings=\"{&quot;background_background&quot;:&quot;classic&quot;}\">\n\t\t\t\t<div class=\"elementor-element elementor-element-67273f5 elementor-widget elementor-widget-heading\" data-id=\"67273f5\" data-element_type=\"widget\" data-widget_type=\"heading.default\">\n\t\t\t\t\t<h2 class=\"elementor-heading-title elementor-size-default\">Sobre<\/h2>\t\t\t\t<\/div>\n\t\t\t\t<\/div>\n\t\t<div class=\"wd-negative-gap elementor-element elementor-element-7c7c544 e-flex e-con-boxed e-con e-parent\" data-id=\"7c7c544\" data-element_type=\"container\">\n\t\t\t\t\t<div class=\"e-con-inner\">\n\t\t<div class=\"elementor-element elementor-element-e7cb5cd e-con-full e-flex e-con e-child\" data-id=\"e7cb5cd\" data-element_type=\"container\">\n\t\t\t\t<div class=\"elementor-element elementor-element-56aec39 elementor-widget elementor-widget-wd_image_or_svg\" data-id=\"56aec39\" data-element_type=\"widget\" data-widget_type=\"wd_image_or_svg.default\">\n\t\t\t\t<div class=\"elementor-widget-container\">\n\t\t\t\t\t\n\t\t<div class=\"wd-image text-left\">\n\t\t\t\t\t\t\t\t<img fetchpriority=\"high\" decoding=\"async\" width=\"800\" height=\"600\" src=\"https:\/\/kibvcs.com\/wp-content\/uploads\/2025\/09\/gongchang3-800x600.jpg\" class=\"attachment-800x600 size-800x600\" alt=\"\" \/>\t\t\t\t\t<\/div>\n\n\t\t\t\t\t\t<\/div>\n\t\t\t\t<\/div>\n\t\t\t\t<\/div>\n\t\t<div class=\"elementor-element elementor-element-97d6084 e-con-full e-flex e-con e-child\" data-id=\"97d6084\" data-element_type=\"container\">\n\t\t\t\t<div class=\"elementor-element elementor-element-ad4e646 elementor-widget elementor-widget-heading\" data-id=\"ad4e646\" data-element_type=\"widget\" data-widget_type=\"heading.default\">\n\t\t\t\t\t<h2 class=\"elementor-heading-title elementor-size-default\">Luye Outdoor Co., Ltda.<\/h2>\t\t\t\t<\/div>\n\t\t\t\t<div class=\"elementor-element elementor-element-66e47ad elementor-widget elementor-widget-wd_text_block\" data-id=\"66e47ad\" data-element_type=\"widget\" data-widget_type=\"wd_text_block.default\">\n\t\t\t\t<div class=\"elementor-widget-container\">\n\t\t\t\t\t\t\t<div class=\"wd-text-block reset-last-child text-left\">\n\t\t\t\n\t\t\t<p>A Luye Outdoor Camping Gear Factory \u00e9 uma fabricante profissional especializada em pesquisa, desenvolvimento, produ\u00e7\u00e3o e vendas de equipamentos para acampamento ao ar livre, com foco especial em cadeiras de acampamento premium e uma linha completa de equipamentos para acampamento. Desde a sua funda\u00e7\u00e3o, temos o compromisso de fornecer aos entusiastas de atividades ao ar livre produtos confort\u00e1veis, dur\u00e1veis e port\u00e1teis que aprimoram cada experi\u00eancia de acampamento.<\/p>\n\t\t\t\t\t<\/div>\n\t\t\t\t\t\t<\/div>\n\t\t\t\t<\/div>\n\t\t<div class=\"elementor-element elementor-element-3eef7d8 e-con-full e-flex e-con e-child\" data-id=\"3eef7d8\" data-element_type=\"container\">\n\t\t\t\t<div class=\"elementor-element elementor-element-ee232e9 elementor-widget__width-auto elementor-hidden-phone elementor-widget elementor-widget-wd_social_buttons\" data-id=\"ee232e9\" data-element_type=\"widget\" data-widget_type=\"wd_social_buttons.default\">\n\t\t\t\t<div class=\"elementor-widget-container\">\n\t\t\t\t\t\t\t\t<div\n\t\t\t\t\t\tclass=\"wd-social-icons wd-style-colored-alt wd-size-small social-share wd-shape-circle color-scheme-dark text-left\">\n\t\t\t\t\n\t\t\t\t\n\t\t\t\t\t\t\t\t\t<a rel=\"noopener noreferrer nofollow\" href=\"https:\/\/www.facebook.com\/sharer\/sharer.php?u=https:\/\/kibvcs.com\/pt\/about\/\" target=\"_blank\" class=\"wd-social-icon social-facebook\" aria-label=\"Link social do Facebook\">\n\t\t\t\t\t\t<span class=\"wd-icon\"><\/span>\n\t\t\t\t\t\t\t\t\t\t\t<\/a>\n\t\t\t\t\n\t\t\t\t\t\t\t\t\t<a rel=\"noopener noreferrer nofollow\" href=\"https:\/\/x.com\/share?url=https:\/\/kibvcs.com\/pt\/about\/\" target=\"_blank\" class=\"wd-social-icon social-twitter\" aria-label=\"Link social X\">\n\t\t\t\t\t\t<span class=\"wd-icon\"><\/span>\n\t\t\t\t\t\t\t\t\t\t\t<\/a>\n\t\t\t\t\n\t\t\t\t\n\t\t\t\t\n\t\t\t\t\n\t\t\t\t\n\t\t\t\t\n\t\t\t\t\t\t\t\t\t<a rel=\"noopener noreferrer nofollow\" href=\"https:\/\/pinterest.com\/pin\/create\/button\/?url=https:\/\/kibvcs.com\/pt\/about\/&media=https:\/\/kibvcs.com\/wp-includes\/images\/media\/default.svg&description=About+us\" target=\"_blank\" class=\"wd-social-icon social-pinterest\" aria-label=\"Link social do Pinterest\">\n\t\t\t\t\t\t<span class=\"wd-icon\"><\/span>\n\t\t\t\t\t\t\t\t\t\t\t<\/a>\n\t\t\t\t\n\t\t\t\t\n\t\t\t\t\t\t\t\t\t<a rel=\"noopener noreferrer nofollow\" href=\"https:\/\/www.linkedin.com\/shareArticle?mini=true&url=https:\/\/kibvcs.com\/pt\/about\/\" target=\"_blank\" class=\"wd-social-icon social-linkedin\" aria-label=\"Link social do LinkedIn\">\n\t\t\t\t\t\t<span class=\"wd-icon\"><\/span>\n\t\t\t\t\t\t\t\t\t\t\t<\/a>\n\t\t\t\t\n\t\t\t\t\n\t\t\t\t\n\t\t\t\t\n\t\t\t\t\n\t\t\t\t\n\t\t\t\t\n\t\t\t\t\n\t\t\t\t\n\t\t\t\t\n\t\t\t\t\n\t\t\t\t\n\t\t\t\t\n\t\t\t\t\n\t\t\t\t\n\t\t\t\t\t\t\t\t\t<a rel=\"noopener noreferrer nofollow\" href=\"https:\/\/telegram.me\/share\/url?url=https:\/\/kibvcs.com\/pt\/about\/\" target=\"_blank\" class=\"wd-social-icon social-tg\" aria-label=\"Link social do Telegram\">\n\t\t\t\t\t\t<span class=\"wd-icon\"><\/span>\n\t\t\t\t\t\t\t\t\t\t\t<\/a>\n\t\t\t\t\n\t\t\t\t\n\t\t\t<\/div>\n\n\t\t\t\t\t\t<\/div>\n\t\t\t\t<\/div>\n\t\t\t\t<\/div>\n\t\t\t\t<\/div>\n\t\t\t\t\t<\/div>\n\t\t\t\t<\/div>\n\t\t<div class=\"wd-negative-gap elementor-element elementor-element-8481c26 e-flex e-con-boxed e-con e-parent\" data-id=\"8481c26\" data-element_type=\"container\">\n\t\t\t\t\t<div class=\"e-con-inner\">\n\t\t\t\t<div class=\"elementor-element elementor-element-d66a211 wd-width-100 elementor-widget elementor-widget-wd_title\" data-id=\"d66a211\" data-element_type=\"widget\" data-widget_type=\"wd_title.default\">\n\t\t\t\t<div class=\"elementor-widget-container\">\n\t\t\t\t\t\t\t<div class=\"title-wrapper wd-set-mb reset-last-child wd-title-color-primary wd-title-style-default wd-title-size-large text-center\">\n\n\t\t\t\t\t\t\t\t\t\t\t<div class=\"title-subtitle subtitle-color-primary subtitle-style-default wd-fontsize-xs\">\n\t\t\t\t\tPALAVRAS SOBRE N\u00d3S\t\t\t\t<\/div>\n\t\t\t\n\t\t\t<div class=\"liner-continer\">\n\t\t\t\t<h4 class=\"woodmart-title-container title wd-fontsize-xxl\">Nossas Vantagens<\/h4> \n\t\t\t\t\t\t\t<\/div>\n\n\t\t\t\t\t\t\t<div class=\"title-after_title reset-last-child wd-fontsize-s\">\n\t\t\t\t\t<p>Nossa f\u00e1brica conta com instala\u00e7\u00f5es de produ\u00e7\u00e3o avan\u00e7adas e um rigoroso sistema de controle de qualidade. Abrangendo uma ampla \u00e1rea de produ\u00e7\u00e3o, contamos com uma equipe de engenheiros experientes e trabalhadores qualificados que garantem precis\u00e3o em todos os processos de fabrica\u00e7\u00e3o \u2014 desde a sele\u00e7\u00e3o de materiais de alta qualidade, como tecido Oxford resistente ao desgaste e arma\u00e7\u00f5es de liga leve resistentes \u00e0 corros\u00e3o, at\u00e9 a montagem final e a inspe\u00e7\u00e3o de cada produto. Para nossas cadeiras Moon, priorizamos o design ergon\u00f4mico, oferecendo ajuste em v\u00e1rias marchas, encosto alto e estruturas dobr\u00e1veis que atendem \u00e0s diversas necessidades dos usu\u00e1rios, seja para relaxar no acampamento ou desfrutar de um piquenique na natureza.<br \/><br \/>Al\u00e9m das cadeiras de lua, nossa linha de produtos inclui mesas dobr\u00e1veis para camping, abrigos port\u00e1teis e outros acess\u00f3rios essenciais para camping, formando uma solu\u00e7\u00e3o completa para lazer ao ar livre. Tamb\u00e9m oferecemos servi\u00e7os de ODM e OEM, permitindo personaliza\u00e7\u00e3o em termos de cores, materiais e detalhes funcionais para atender aos requisitos espec\u00edficos de marcas e distribuidores globais.<\/p><p>Seguindo padr\u00f5es internacionais de qualidade, realizamos testes rigorosos em todos os produtos, garantindo que eles resistam aos rigores dos ambientes externos. Nosso compromisso com a inova\u00e7\u00e3o nos impulsiona a aprimorar continuamente o design dos produtos, integrando as \u00faltimas tend\u00eancias e tecnologias para nos mantermos \u00e0 frente do mercado. Com produtos exportados para diversos pa\u00edses e regi\u00f5es, a Luye construiu uma reputa\u00e7\u00e3o de confiabilidade e excel\u00eancia no setor de equipamentos para camping.<\/p><p>No futuro, a Luye Outdoor Camping Gear Factory permanecer\u00e1 dedicada \u00e0 sua miss\u00e3o de &quot;Elevar o conforto e a aventura ao ar livre&quot;. Continuaremos investindo em P&amp;D e capacidades de produ\u00e7\u00e3o, nos esfor\u00e7ando para ser um parceiro l\u00edder para qualquer pessoa que busque equipamentos de acampamento de primeira linha e ajudando mais pessoas a criar mem\u00f3rias inesquec\u00edveis ao ar livre.<\/p>\t\t\t\t<\/div>\n\t\t\t\t\t<\/div>\n\t\t\t\t\t\t<\/div>\n\t\t\t\t<\/div>\n\t\t\t\t\t<\/div>\n\t\t\t\t<\/div>\n\t\t<div class=\"wd-negative-gap elementor-element elementor-element-f168c0a e-flex e-con-boxed e-con e-parent\" data-id=\"f168c0a\" data-element_type=\"container\">\n\t\t\t\t\t<div class=\"e-con-inner\">\n\t\t<div class=\"elementor-element elementor-element-5642404 e-con-full e-flex e-con e-child\" data-id=\"5642404\" data-element_type=\"container\">\n\t\t\t\t<div class=\"elementor-element elementor-element-31f1581 elementor-widget elementor-widget-image\" data-id=\"31f1581\" data-element_type=\"widget\" data-widget_type=\"image.default\">\n\t\t\t\t\t\t\t\t\t\t\t\t\t\t\t<img decoding=\"async\" src=\"https:\/\/kibvcs.com\/wp-content\/uploads\/elementor\/thumbs\/gongchang2-rbxbc6u0sgmst6clwo5igwwy6q0ugc2mtqwjqykwi0.jpg\" title=\"gongchang2\" alt=\"gongchang2\" loading=\"lazy\" \/>\t\t\t\t\t\t\t\t\t\t\t\t\t\t\t<\/div>\n\t\t\t\t<\/div>\n\t\t<div class=\"elementor-element elementor-element-6acf78a e-con-full e-flex e-con e-child\" data-id=\"6acf78a\" data-element_type=\"container\">\n\t\t\t\t<div class=\"elementor-element elementor-element-f12a152 elementor-widget elementor-widget-image\" data-id=\"f12a152\" data-element_type=\"widget\" data-widget_type=\"image.default\">\n\t\t\t\t\t\t\t\t\t\t\t\t\t\t\t<img decoding=\"async\" src=\"https:\/\/kibvcs.com\/wp-content\/uploads\/elementor\/thumbs\/gongchang1-rbxbc4ycesk85yfc7nc9bxe0zya40xv65hlksenoug.jpg\" title=\"gongchang1\" alt=\"gongchang1\" loading=\"lazy\" \/>\t\t\t\t\t\t\t\t\t\t\t\t\t\t\t<\/div>\n\t\t\t\t<\/div>\n\t\t\t\t\t<\/div>\n\t\t\t\t<\/div>\n\t\t\t\t<\/div>","protected":false},"excerpt":{"rendered":"<p>About Luye Outdoor Co., Ltd. Luye Outdoor Camping Gear Factory is a professional manufacturer specializing in the research, development, production,<\/p>","protected":false},"author":1,"featured_media":0,"parent":0,"menu_order":0,"comment_status":"closed","ping_status":"closed","template":"","meta":{"footnotes":""},"class_list":["post-4400","page","type-page","status-publish","hentry"],"yoast_head":"<!-- This site is optimized with the Yoast SEO plugin v25.6 - https:\/\/yoast.com\/wordpress\/plugins\/seo\/ -->\n<title>About us - Luye Outdoor Co., Ltd.<\/title>\n<meta name=\"robots\" content=\"index, follow, max-snippet:-1, max-image-preview:large, max-video-preview:-1\" \/>\n<link rel=\"canonical\" href=\"https:\/\/kibvcs.com\/pt\/about\/\" \/>\n<meta property=\"og:locale\" content=\"pt_PT\" \/>\n<meta property=\"og:type\" content=\"article\" \/>\n<meta property=\"og:title\" content=\"About us - Luye Outdoor Co., Ltd.\" \/>\n<meta property=\"og:description\" content=\"About Luye Outdoor Co., Ltd. Luye Outdoor Camping Gear Factory is a professional manufacturer specializing in the research, development, production,\" \/>\n<meta property=\"og:url\" content=\"https:\/\/kibvcs.com\/pt\/about\/\" \/>\n<meta property=\"og:site_name\" content=\"Luye Outdoor Co., Ltd.\" \/>\n<meta property=\"article:modified_time\" content=\"2025-09-18T08:35:11+00:00\" \/>\n<meta property=\"og:image\" content=\"https:\/\/kibvcs.com\/wp-content\/uploads\/2025\/09\/gongchang3-800x600.jpg\" \/>\n<meta name=\"twitter:card\" content=\"summary_large_image\" \/>\n<meta name=\"twitter:label1\" content=\"Tempo estimado de leitura\" \/>\n\t<meta name=\"twitter:data1\" content=\"2 minutos\" \/>\n<script type=\"application\/ld+json\" class=\"yoast-schema-graph\">{\"@context\":\"https:\/\/schema.org\",\"@graph\":[{\"@type\":\"WebPage\",\"@id\":\"https:\/\/kibvcs.com\/about\/\",\"url\":\"https:\/\/kibvcs.com\/about\/\",\"name\":\"About us - Luye Outdoor Co., Ltd.\",\"isPartOf\":{\"@id\":\"https:\/\/kibvcs.com\/#website\"},\"primaryImageOfPage\":{\"@id\":\"https:\/\/kibvcs.com\/about\/#primaryimage\"},\"image\":{\"@id\":\"https:\/\/kibvcs.com\/about\/#primaryimage\"},\"thumbnailUrl\":\"https:\/\/kibvcs.com\/wp-content\/uploads\/2025\/09\/gongchang3-800x600.jpg\",\"datePublished\":\"2021-10-12T15:51:09+00:00\",\"dateModified\":\"2025-09-18T08:35:11+00:00\",\"breadcrumb\":{\"@id\":\"https:\/\/kibvcs.com\/about\/#breadcrumb\"},\"inLanguage\":\"pt-PT\",\"potentialAction\":[{\"@type\":\"ReadAction\",\"target\":[\"https:\/\/kibvcs.com\/about\/\"]}]},{\"@type\":\"ImageObject\",\"inLanguage\":\"pt-PT\",\"@id\":\"https:\/\/kibvcs.com\/about\/#primaryimage\",\"url\":\"https:\/\/kibvcs.com\/wp-content\/uploads\/2025\/09\/gongchang3-800x600.jpg\",\"contentUrl\":\"https:\/\/kibvcs.com\/wp-content\/uploads\/2025\/09\/gongchang3-800x600.jpg\"},{\"@type\":\"BreadcrumbList\",\"@id\":\"https:\/\/kibvcs.com\/about\/#breadcrumb\",\"itemListElement\":[{\"@type\":\"ListItem\",\"position\":1,\"name\":\"Home\",\"item\":\"https:\/\/kibvcs.com\/\"},{\"@type\":\"ListItem\",\"position\":2,\"name\":\"About us\"}]},{\"@type\":\"WebSite\",\"@id\":\"https:\/\/kibvcs.com\/#website\",\"url\":\"https:\/\/kibvcs.com\/\",\"name\":\"Luye Outdoor Co., Ltd.\",\"description\":\"Luye Outdoor Co., Ltd.\",\"potentialAction\":[{\"@type\":\"SearchAction\",\"target\":{\"@type\":\"EntryPoint\",\"urlTemplate\":\"https:\/\/kibvcs.com\/?s={search_term_string}\"},\"query-input\":{\"@type\":\"PropertyValueSpecification\",\"valueRequired\":true,\"valueName\":\"search_term_string\"}}],\"inLanguage\":\"pt-PT\"}]}<\/script>\n<!-- \/ Yoast SEO plugin. -->","yoast_head_json":{"title":"About us - Luye Outdoor Co., Ltd.","robots":{"index":"index","follow":"follow","max-snippet":"max-snippet:-1","max-image-preview":"max-image-preview:large","max-video-preview":"max-video-preview:-1"},"canonical":"https:\/\/kibvcs.com\/pt\/about\/","og_locale":"pt_PT","og_type":"article","og_title":"About us - Luye Outdoor Co., Ltd.","og_description":"About Luye Outdoor Co., Ltd. Luye Outdoor Camping Gear Factory is a professional manufacturer specializing in the research, development, production,","og_url":"https:\/\/kibvcs.com\/pt\/about\/","og_site_name":"Luye Outdoor Co., Ltd.","article_modified_time":"2025-09-18T08:35:11+00:00","og_image":[{"url":"https:\/\/kibvcs.com\/wp-content\/uploads\/2025\/09\/gongchang3-800x600.jpg","type":"","width":"","height":""}],"twitter_card":"summary_large_image","twitter_misc":{"Tempo estimado de leitura":"2 minutos"},"schema":{"@context":"https:\/\/schema.org","@graph":[{"@type":"WebPage","@id":"https:\/\/kibvcs.com\/about\/","url":"https:\/\/kibvcs.com\/about\/","name":"About us - Luye Outdoor Co., Ltd.","isPartOf":{"@id":"https:\/\/kibvcs.com\/#website"},"primaryImageOfPage":{"@id":"https:\/\/kibvcs.com\/about\/#primaryimage"},"image":{"@id":"https:\/\/kibvcs.com\/about\/#primaryimage"},"thumbnailUrl":"https:\/\/kibvcs.com\/wp-content\/uploads\/2025\/09\/gongchang3-800x600.jpg","datePublished":"2021-10-12T15:51:09+00:00","dateModified":"2025-09-18T08:35:11+00:00","breadcrumb":{"@id":"https:\/\/kibvcs.com\/about\/#breadcrumb"},"inLanguage":"pt-PT","potentialAction":[{"@type":"ReadAction","target":["https:\/\/kibvcs.com\/about\/"]}]},{"@type":"ImageObject","inLanguage":"pt-PT","@id":"https:\/\/kibvcs.com\/about\/#primaryimage","url":"https:\/\/kibvcs.com\/wp-content\/uploads\/2025\/09\/gongchang3-800x600.jpg","contentUrl":"https:\/\/kibvcs.com\/wp-content\/uploads\/2025\/09\/gongchang3-800x600.jpg"},{"@type":"BreadcrumbList","@id":"https:\/\/kibvcs.com\/about\/#breadcrumb","itemListElement":[{"@type":"ListItem","position":1,"name":"Home","item":"https:\/\/kibvcs.com\/"},{"@type":"ListItem","position":2,"name":"About us"}]},{"@type":"WebSite","@id":"https:\/\/kibvcs.com\/#website","url":"https:\/\/kibvcs.com\/","name":"Luye Outdoor Co., Ltda.","description":"Luye Outdoor Co., Ltda.","potentialAction":[{"@type":"SearchAction","target":{"@type":"EntryPoint","urlTemplate":"https:\/\/kibvcs.com\/?s={search_term_string}"},"query-input":{"@type":"PropertyValueSpecification","valueRequired":true,"valueName":"search_term_string"}}],"inLanguage":"pt-PT"}]}},"_links":{"self":[{"href":"https:\/\/kibvcs.com\/pt\/wp-json\/wp\/v2\/pages\/4400","targetHints":{"allow":["GET"]}}],"collection":[{"href":"https:\/\/kibvcs.com\/pt\/wp-json\/wp\/v2\/pages"}],"about":[{"href":"https:\/\/kibvcs.com\/pt\/wp-json\/wp\/v2\/types\/page"}],"author":[{"embeddable":true,"href":"https:\/\/kibvcs.com\/pt\/wp-json\/wp\/v2\/users\/1"}],"replies":[{"embeddable":true,"href":"https:\/\/kibvcs.com\/pt\/wp-json\/wp\/v2\/comments?post=4400"}],"version-history":[{"count":12,"href":"https:\/\/kibvcs.com\/pt\/wp-json\/wp\/v2\/pages\/4400\/revisions"}],"predecessor-version":[{"id":29190,"href":"https:\/\/kibvcs.com\/pt\/wp-json\/wp\/v2\/pages\/4400\/revisions\/29190"}],"wp:attachment":[{"href":"https:\/\/kibvcs.com\/pt\/wp-json\/wp\/v2\/media?parent=4400"}],"curies":[{"name":"wp","href":"https:\/\/api.w.org\/{rel}","templated":true}]}}